{"id":19,"date":"2025-08-12T08:54:21","date_gmt":"2025-08-12T08:54:21","guid":{"rendered":"https:\/\/espaco508.pt\/?page_id=19"},"modified":"2025-08-19T21:00:11","modified_gmt":"2025-08-19T21:00:11","slug":"servicos","status":"publish","type":"page","link":"https:\/\/espaco508.pt\/en\/servicos\/","title":{"rendered":"Services"},"content":{"rendered":"<div data-elementor-type=\"wp-page\" data-elementor-id=\"19\" class=\"elementor elementor-19\" data-elementor-post-type=\"page\">\n\t\t\t\t<div class=\"elementor-element elementor-element-d0bc8b2 e-flex e-con-boxed e-con e-parent\" data-id=\"d0bc8b2\" data-element_type=\"container\">\n\t\t\t\t\t<div class=\"e-con-inner\">\n\t\t\t\t<div class=\"elementor-element elementor-element-f9b62da elementor-widget elementor-widget-spacer\" data-id=\"f9b62da\" data-element_type=\"widget\" data-widget_type=\"spacer.default\">\n\t\t\t\t\t\t\t<div class=\"elementor-spacer\">\n\t\t\t<div class=\"elementor-spacer-inner\"><\/div>\n\t\t<\/div>\n\t\t\t\t\t\t<\/div>\n\t\t<div class=\"elementor-element elementor-element-3a91902 e-con-full e-flex e-con e-child\" data-id=\"3a91902\" data-element_type=\"container\">\n\t\t\t\t<div class=\"elementor-element elementor-element-33a925e elementor-invisible elementor-widget elementor-widget-heading\" data-id=\"33a925e\" data-element_type=\"widget\" data-settings=\"{&quot;_animation&quot;:&quot;fadeInUp&quot;}\" data-widget_type=\"heading.default\">\n\t\t\t\t\t<h1 class=\"elementor-heading-title elementor-size-default\">Services<\/h1>\t\t\t\t<\/div>\n\t\t\t\t<\/div>\n\t\t\t\t<div class=\"elementor-element elementor-element-dde69ba elementor-align-center elementor-widget elementor-widget-button\" data-id=\"dde69ba\" data-element_type=\"widget\" data-widget_type=\"button.default\">\n\t\t\t\t\t\t\t\t\t\t<a class=\"elementor-button elementor-button-link elementor-size-sm\" href=\"#down\">\n\t\t\t\t\t\t<span class=\"elementor-button-content-wrapper\">\n\t\t\t\t\t\t<span class=\"elementor-button-icon\">\n\t\t\t\t<svg aria-hidden=\"true\" class=\"e-font-icon-svg e-fas-chevron-down\" viewbox=\"0 0 448 512\" xmlns=\"http:\/\/www.w3.org\/2000\/svg\"><path d=\"M207.029 381.476L12.686 187.132c-9.373-9.373-9.373-24.569 0-33.941l22.667-22.667c9.357-9.357 24.522-9.375 33.901-.04L224 284.505l154.745-154.021c9.379-9.335 24.544-9.317 33.901.04l22.667 22.667c9.373 9.373 9.373 24.569 0 33.941L240.971 381.476c-9.373 9.372-24.569 9.372-33.942 0z\"><\/path><\/svg>\t\t\t<\/span>\n\t\t\t\t\t\t\t\t\t<span class=\"elementor-button-text\">SCROLL TO EXPLORE<\/span>\n\t\t\t\t\t<\/span>\n\t\t\t\t\t<\/a>\n\t\t\t\t\t\t\t\t<\/div>\n\t\t\t\t\t<\/div>\n\t\t\t\t<\/div>\n\t\t<div class=\"elementor-element elementor-element-4c3d74c e-flex e-con-boxed e-con e-parent\" data-id=\"4c3d74c\" data-element_type=\"container\" id=\"down\">\n\t\t\t\t\t<div class=\"e-con-inner\">\n\t\t<div class=\"elementor-element elementor-element-387b3d5 e-con-full e-flex e-con e-child\" data-id=\"387b3d5\" data-element_type=\"container\">\n\t\t\t\t<div class=\"elementor-element elementor-element-6369622 elementor-widget__width-initial elementor-widget elementor-widget-heading\" data-id=\"6369622\" data-element_type=\"widget\" data-settings=\"{&quot;sticky&quot;:&quot;top&quot;,&quot;sticky_offset&quot;:160,&quot;sticky_parent&quot;:&quot;yes&quot;,&quot;sticky_on&quot;:[&quot;desktop&quot;,&quot;laptop&quot;,&quot;tablet_extra&quot;,&quot;tablet&quot;,&quot;mobile_extra&quot;,&quot;mobile&quot;],&quot;sticky_effects_offset&quot;:0,&quot;sticky_anchor_link_offset&quot;:0}\" data-widget_type=\"heading.default\">\n\t\t\t\t\t<h2 class=\"elementor-heading-title elementor-size-default\">Custom Audiovisual Production<\/h2>\t\t\t\t<\/div>\n\t\t\t\t<\/div>\n\t\t<div class=\"elementor-element elementor-element-d7f9991 e-con-full e-flex e-con e-child\" data-id=\"d7f9991\" data-element_type=\"container\">\n\t\t\t\t<div class=\"elementor-element elementor-element-f0c67a8 elementor-widget elementor-widget-text-editor\" data-id=\"f0c67a8\" data-element_type=\"widget\" data-widget_type=\"text-editor.default\">\n\t\t\t\t\t\t\t\t\t<p>Every project is unique.<\/p><p class=\"translation-block\">Espa\u00e7o 508, we o\ufb00er bespoke audiovisual production services \u2014 from concept to final\ndelivery.<\/p><p>We create videos and photographs that tell stories and generate impact<\/p>\t\t\t\t\t\t\t\t<\/div>\n\t\t\t\t<div class=\"elementor-element elementor-element-e0c509d elementor-widget elementor-widget-n-accordion\" data-id=\"e0c509d\" data-element_type=\"widget\" data-settings=\"{&quot;default_state&quot;:&quot;all_collapsed&quot;,&quot;max_items_expended&quot;:&quot;one&quot;,&quot;n_accordion_animation_duration&quot;:{&quot;unit&quot;:&quot;ms&quot;,&quot;size&quot;:400,&quot;sizes&quot;:[]}}\" data-widget_type=\"nested-accordion.default\">\n\t\t\t\t\t\t\t<div class=\"e-n-accordion\" aria-label=\"Accordion. Open links with Enter or Space, close with Escape, and navigate with Arrow Keys\">\n\t\t\t\t\t\t<details id=\"e-n-accordion-item-2350\" class=\"e-n-accordion-item\" >\n\t\t\t\t<summary class=\"e-n-accordion-item-title\" data-accordion-index=\"1\" tabindex=\"0\" aria-expanded=\"false\" aria-controls=\"e-n-accordion-item-2350\" >\n\t\t\t\t\t<span class='e-n-accordion-item-title-header'><div class=\"e-n-accordion-item-title-text\"> Video Production <\/div><\/span>\n\t\t\t\t\t\t\t<span class='e-n-accordion-item-title-icon'>\n\t\t\t<span class='e-opened' ><svg xmlns=\"http:\/\/www.w3.org\/2000\/svg\" width=\"24\" height=\"23\" viewbox=\"0 0 24 23\" fill=\"none\"><path d=\"M23.4141 0V16H21.4141V3L1.41406 23L0 21.5859L19.5859 2H7.41406V0H23.4141Z\" fill=\"white\"><\/path><\/svg><\/span>\n\t\t\t<span class='e-closed'><svg xmlns=\"http:\/\/www.w3.org\/2000\/svg\" width=\"24\" height=\"23\" viewbox=\"0 0 24 23\" fill=\"none\"><path d=\"M23.4141 23V7H21.4141V20L1.41406 0L0 1.41406L19.5859 21H7.41406V23H23.4141Z\" fill=\"white\"><\/path><\/svg><\/span>\n\t\t<\/span>\n\n\t\t\t\t\t\t<\/summary>\n\t\t\t\t<div role=\"region\" aria-labelledby=\"e-n-accordion-item-2350\" class=\"elementor-element elementor-element-317e2e0 e-con-full e-flex e-con e-child\" data-id=\"317e2e0\" data-element_type=\"container\">\n\t\t\t\t<div class=\"elementor-element elementor-element-647cbce elementor-widget elementor-widget-text-editor\" data-id=\"647cbce\" data-element_type=\"widget\" data-widget_type=\"text-editor.default\">\n\t\t\t\t\t\t\t\t\t<p>Cinematic video production for brands, artists and institutions.<\/p><p>From concept to post-production, attention to every detail.<\/p>\t\t\t\t\t\t\t\t<\/div>\n\t\t\t\t<\/div>\n\t\t\t\t\t<\/details>\n\t\t\t\t\t\t<details id=\"e-n-accordion-item-2351\" class=\"e-n-accordion-item\" >\n\t\t\t\t<summary class=\"e-n-accordion-item-title\" data-accordion-index=\"2\" tabindex=\"-1\" aria-expanded=\"false\" aria-controls=\"e-n-accordion-item-2351\" >\n\t\t\t\t\t<span class='e-n-accordion-item-title-header'><div class=\"e-n-accordion-item-title-text\"> Creative Direction &amp; Film Direction <\/div><\/span>\n\t\t\t\t\t\t\t<span class='e-n-accordion-item-title-icon'>\n\t\t\t<span class='e-opened' ><svg xmlns=\"http:\/\/www.w3.org\/2000\/svg\" width=\"24\" height=\"23\" viewbox=\"0 0 24 23\" fill=\"none\"><path d=\"M23.4141 0V16H21.4141V3L1.41406 23L0 21.5859L19.5859 2H7.41406V0H23.4141Z\" fill=\"white\"><\/path><\/svg><\/span>\n\t\t\t<span class='e-closed'><svg xmlns=\"http:\/\/www.w3.org\/2000\/svg\" width=\"24\" height=\"23\" viewbox=\"0 0 24 23\" fill=\"none\"><path d=\"M23.4141 23V7H21.4141V20L1.41406 0L0 1.41406L19.5859 21H7.41406V23H23.4141Z\" fill=\"white\"><\/path><\/svg><\/span>\n\t\t<\/span>\n\n\t\t\t\t\t\t<\/summary>\n\t\t\t\t<div role=\"region\" aria-labelledby=\"e-n-accordion-item-2351\" class=\"elementor-element elementor-element-f0284a7 e-con-full e-flex e-con e-child\" data-id=\"f0284a7\" data-element_type=\"container\">\n\t\t\t\t<div class=\"elementor-element elementor-element-1dc57d2 elementor-widget elementor-widget-text-editor\" data-id=\"1dc57d2\" data-element_type=\"widget\" data-widget_type=\"text-editor.default\">\n\t\t\t\t\t\t\t\t\t<p>Narrative, visual language and emotional impact, carefully directed.<\/p>\t\t\t\t\t\t\t\t<\/div>\n\t\t\t\t<\/div>\n\t\t\t\t\t<\/details>\n\t\t\t\t\t\t<details id=\"e-n-accordion-item-2352\" class=\"e-n-accordion-item\" >\n\t\t\t\t<summary class=\"e-n-accordion-item-title\" data-accordion-index=\"3\" tabindex=\"-1\" aria-expanded=\"false\" aria-controls=\"e-n-accordion-item-2352\" >\n\t\t\t\t\t<span class='e-n-accordion-item-title-header'><div class=\"e-n-accordion-item-title-text\"> Image &amp; Sound Capture <\/div><\/span>\n\t\t\t\t\t\t\t<span class='e-n-accordion-item-title-icon'>\n\t\t\t<span class='e-opened' ><svg xmlns=\"http:\/\/www.w3.org\/2000\/svg\" width=\"24\" height=\"23\" viewbox=\"0 0 24 23\" fill=\"none\"><path d=\"M23.4141 0V16H21.4141V3L1.41406 23L0 21.5859L19.5859 2H7.41406V0H23.4141Z\" fill=\"white\"><\/path><\/svg><\/span>\n\t\t\t<span class='e-closed'><svg xmlns=\"http:\/\/www.w3.org\/2000\/svg\" width=\"24\" height=\"23\" viewbox=\"0 0 24 23\" fill=\"none\"><path d=\"M23.4141 23V7H21.4141V20L1.41406 0L0 1.41406L19.5859 21H7.41406V23H23.4141Z\" fill=\"white\"><\/path><\/svg><\/span>\n\t\t<\/span>\n\n\t\t\t\t\t\t<\/summary>\n\t\t\t\t<div role=\"region\" aria-labelledby=\"e-n-accordion-item-2352\" class=\"elementor-element elementor-element-78afa26 e-con-full e-flex e-con e-child\" data-id=\"78afa26\" data-element_type=\"container\">\n\t\t\t\t<div class=\"elementor-element elementor-element-515b809 elementor-widget elementor-widget-text-editor\" data-id=\"515b809\" data-element_type=\"widget\" data-widget_type=\"text-editor.default\">\n\t\t\t\t\t\t\t\t\t<p>Professional crews and equipment for studio and location filming.<\/p><p>We film with rigor, whether in studio or outdoors.<\/p>\t\t\t\t\t\t\t\t<\/div>\n\t\t\t\t<\/div>\n\t\t\t\t\t<\/details>\n\t\t\t\t\t\t<details id=\"e-n-accordion-item-2353\" class=\"e-n-accordion-item\" >\n\t\t\t\t<summary class=\"e-n-accordion-item-title\" data-accordion-index=\"4\" tabindex=\"-1\" aria-expanded=\"false\" aria-controls=\"e-n-accordion-item-2353\" >\n\t\t\t\t\t<span class='e-n-accordion-item-title-header'><div class=\"e-n-accordion-item-title-text\"> Post-Production <\/div><\/span>\n\t\t\t\t\t\t\t<span class='e-n-accordion-item-title-icon'>\n\t\t\t<span class='e-opened' ><svg xmlns=\"http:\/\/www.w3.org\/2000\/svg\" width=\"24\" height=\"23\" viewbox=\"0 0 24 23\" fill=\"none\"><path d=\"M23.4141 0V16H21.4141V3L1.41406 23L0 21.5859L19.5859 2H7.41406V0H23.4141Z\" fill=\"white\"><\/path><\/svg><\/span>\n\t\t\t<span class='e-closed'><svg xmlns=\"http:\/\/www.w3.org\/2000\/svg\" width=\"24\" height=\"23\" viewbox=\"0 0 24 23\" fill=\"none\"><path d=\"M23.4141 23V7H21.4141V20L1.41406 0L0 1.41406L19.5859 21H7.41406V23H23.4141Z\" fill=\"white\"><\/path><\/svg><\/span>\n\t\t<\/span>\n\n\t\t\t\t\t\t<\/summary>\n\t\t\t\t<div role=\"region\" aria-labelledby=\"e-n-accordion-item-2353\" class=\"elementor-element elementor-element-9d4777b e-con-full e-flex e-con e-child\" data-id=\"9d4777b\" data-element_type=\"container\">\n\t\t\t\t<div class=\"elementor-element elementor-element-d9149ee elementor-widget elementor-widget-text-editor\" data-id=\"d9149ee\" data-element_type=\"widget\" data-widget_type=\"text-editor.default\">\n\t\t\t\t\t\t\t\t\t<p>Editing, colour grading, sound design, subtitles and motion graphics.<\/p>\t\t\t\t\t\t\t\t<\/div>\n\t\t\t\t<\/div>\n\t\t\t\t\t<\/details>\n\t\t\t\t\t\t<details id=\"e-n-accordion-item-2354\" class=\"e-n-accordion-item\" >\n\t\t\t\t<summary class=\"e-n-accordion-item-title\" data-accordion-index=\"5\" tabindex=\"-1\" aria-expanded=\"false\" aria-controls=\"e-n-accordion-item-2354\" >\n\t\t\t\t\t<span class='e-n-accordion-item-title-header'><div class=\"e-n-accordion-item-title-text\"> Photography <\/div><\/span>\n\t\t\t\t\t\t\t<span class='e-n-accordion-item-title-icon'>\n\t\t\t<span class='e-opened' ><svg xmlns=\"http:\/\/www.w3.org\/2000\/svg\" width=\"24\" height=\"23\" viewbox=\"0 0 24 23\" fill=\"none\"><path d=\"M23.4141 0V16H21.4141V3L1.41406 23L0 21.5859L19.5859 2H7.41406V0H23.4141Z\" fill=\"white\"><\/path><\/svg><\/span>\n\t\t\t<span class='e-closed'><svg xmlns=\"http:\/\/www.w3.org\/2000\/svg\" width=\"24\" height=\"23\" viewbox=\"0 0 24 23\" fill=\"none\"><path d=\"M23.4141 23V7H21.4141V20L1.41406 0L0 1.41406L19.5859 21H7.41406V23H23.4141Z\" fill=\"white\"><\/path><\/svg><\/span>\n\t\t<\/span>\n\n\t\t\t\t\t\t<\/summary>\n\t\t\t\t<div role=\"region\" aria-labelledby=\"e-n-accordion-item-2354\" class=\"elementor-element elementor-element-e858c4b e-con-full e-flex e-con e-child\" data-id=\"e858c4b\" data-element_type=\"container\">\n\t\t\t\t<div class=\"elementor-element elementor-element-47209d9 elementor-widget elementor-widget-text-editor\" data-id=\"47209d9\" data-element_type=\"widget\" data-widget_type=\"text-editor.default\">\n\t\t\t\t\t\t\t\t\t<p>Cinematic photography for product, fashion, portrait and music projects.<\/p>\t\t\t\t\t\t\t\t<\/div>\n\t\t\t\t<\/div>\n\t\t\t\t\t<\/details>\n\t\t\t\t\t\t<details id=\"e-n-accordion-item-2355\" class=\"e-n-accordion-item\" >\n\t\t\t\t<summary class=\"e-n-accordion-item-title\" data-accordion-index=\"6\" tabindex=\"-1\" aria-expanded=\"false\" aria-controls=\"e-n-accordion-item-2355\" >\n\t\t\t\t\t<span class='e-n-accordion-item-title-header'><div class=\"e-n-accordion-item-title-text\"> Creative Consulting <\/div><\/span>\n\t\t\t\t\t\t\t<span class='e-n-accordion-item-title-icon'>\n\t\t\t<span class='e-opened' ><svg xmlns=\"http:\/\/www.w3.org\/2000\/svg\" width=\"24\" height=\"23\" viewbox=\"0 0 24 23\" fill=\"none\"><path d=\"M23.4141 0V16H21.4141V3L1.41406 23L0 21.5859L19.5859 2H7.41406V0H23.4141Z\" fill=\"white\"><\/path><\/svg><\/span>\n\t\t\t<span class='e-closed'><svg xmlns=\"http:\/\/www.w3.org\/2000\/svg\" width=\"24\" height=\"23\" viewbox=\"0 0 24 23\" fill=\"none\"><path d=\"M23.4141 23V7H21.4141V20L1.41406 0L0 1.41406L19.5859 21H7.41406V23H23.4141Z\" fill=\"white\"><\/path><\/svg><\/span>\n\t\t<\/span>\n\n\t\t\t\t\t\t<\/summary>\n\t\t\t\t<div role=\"region\" aria-labelledby=\"e-n-accordion-item-2355\" class=\"elementor-element elementor-element-5e126b8 e-con-full e-flex e-con e-child\" data-id=\"5e126b8\" data-element_type=\"container\">\n\t\t\t\t<div class=\"elementor-element elementor-element-9de5348 elementor-widget elementor-widget-text-editor\" data-id=\"9de5348\" data-element_type=\"widget\" data-widget_type=\"text-editor.default\">\n\t\t\t\t\t\t\t\t\t<p>Strategy, scripting and visual storytelling adapted to international audiences.<\/p>\t\t\t\t\t\t\t\t<\/div>\n\t\t\t\t<\/div>\n\t\t\t\t\t<\/details>\n\t\t\t\t\t<\/div>\n\t\t\t\t\t\t<\/div>\n\t\t\t\t<\/div>\n\t\t\t\t\t<\/div>\n\t\t\t\t<\/div>\n\t\t<div class=\"elementor-element elementor-element-1b886cd e-flex e-con-boxed e-con e-parent\" data-id=\"1b886cd\" data-element_type=\"container\">\n\t\t\t\t\t<div class=\"e-con-inner\">\n\t\t<div class=\"elementor-element elementor-element-8ee86c5 e-con-full e-flex e-con e-child\" data-id=\"8ee86c5\" data-element_type=\"container\">\n\t\t\t\t<div class=\"elementor-element elementor-element-7acf0bd elementor-widget-mobile__width-initial elementor-widget elementor-widget-heading\" data-id=\"7acf0bd\" data-element_type=\"widget\" data-widget_type=\"heading.default\">\n\t\t\t\t\t<p class=\"elementor-heading-title elementor-size-default\">Contact us and tell us about your idea.<\/p>\t\t\t\t<\/div>\n\t\t\t\t<div class=\"elementor-element elementor-element-680c033 elementor-invisible elementor-widget elementor-widget-heading\" data-id=\"680c033\" data-element_type=\"widget\" data-settings=\"{&quot;_animation&quot;:&quot;fadeInUp&quot;}\" data-widget_type=\"heading.default\">\n\t\t\t\t\t<h2 class=\"elementor-heading-title elementor-size-default\"><a href=\"https:\/\/espaco508.pt\/en\/contacte-nos\/\">Contact Us<\/a><\/h2>\t\t\t\t<\/div>\n\t\t\t\t<\/div>\n\t\t\t\t\t<\/div>\n\t\t\t\t<\/div>\n\t\t\t\t<\/div>","protected":false},"excerpt":{"rendered":"<p>Servi\u00e7os SCROLL PARA EXPLORAR OS NOSSOS SERVI\u00c7OS Cada projeto \u00e9 um universo. Na Espa\u00e7o 508, oferecemos solu\u00e7\u00f5es audiovisuais \u00e0 medida \u2014 da ideia ao produto final. Criamos v\u00eddeos e fotografias que contam hist\u00f3rias e geram impacto. PRODU\u00c7\u00c3O DE V\u00cdDEO Criamos filmes com alma e inten\u00e7\u00e3o. Produzimos v\u00eddeos de produto, videoclipes, conte\u00fados corporativos, cinema independente e [&hellip;]<\/p>","protected":false},"author":1,"featured_media":0,"parent":0,"menu_order":0,"comment_status":"closed","ping_status":"closed","template":"","meta":{"footnotes":""},"class_list":["post-19","page","type-page","status-publish","hentry"],"_links":{"self":[{"href":"https:\/\/espaco508.pt\/en\/wp-json\/wp\/v2\/pages\/19","targetHints":{"allow":["GET"]}}],"collection":[{"href":"https:\/\/espaco508.pt\/en\/wp-json\/wp\/v2\/pages"}],"about":[{"href":"https:\/\/espaco508.pt\/en\/wp-json\/wp\/v2\/types\/page"}],"author":[{"embeddable":true,"href":"https:\/\/espaco508.pt\/en\/wp-json\/wp\/v2\/users\/1"}],"replies":[{"embeddable":true,"href":"https:\/\/espaco508.pt\/en\/wp-json\/wp\/v2\/comments?post=19"}],"version-history":[{"count":6,"href":"https:\/\/espaco508.pt\/en\/wp-json\/wp\/v2\/pages\/19\/revisions"}],"predecessor-version":[{"id":1851,"href":"https:\/\/espaco508.pt\/en\/wp-json\/wp\/v2\/pages\/19\/revisions\/1851"}],"wp:attachment":[{"href":"https:\/\/espaco508.pt\/en\/wp-json\/wp\/v2\/media?parent=19"}],"curies":[{"name":"wp","href":"https:\/\/api.w.org\/{rel}","templated":true}]}}